{"id":5270,"date":"2022-06-28T16:16:38","date_gmt":"2022-06-28T16:16:38","guid":{"rendered":"https:\/\/bibelwelt.byauroara.com\/?post_type=product&#038;p=5270"},"modified":"2024-03-06T21:44:42","modified_gmt":"2024-03-06T20:44:42","slug":"eintrittskarten","status":"publish","type":"product","link":"https:\/\/bibelwelt.at\/hu\/produkt\/eintrittskarten\/","title":{"rendered":"Eintrittskarten"},"content":{"rendered":"<p>Den Schatz der Bibel entdecken in die Welt der Bibel eintreten, hautnah, auf 700 m\u00b2 Spiel, Spannung und Abenteuer f\u00fcr Gro\u00df und Klein. \u00dcber einen Raum der Wurzeln, durch eine Schriftrolle hindurch in die vergangenen Zeiten des Alten Orients eintauchen, in denen die Bibel entstand, als Heilige Schrift des Judentums und des Christentums.<\/p>\n<p>Sichere dir jetzt dein Ticket f\u00fcr das Erlebenishaus Bibelwelt!<\/p>\n","protected":false},"excerpt":{"rendered":"<p>Den Schatz der Bibel entdecken in die Welt der Bibel eintreten, hautnah, auf 700 m\u00b2 Spiel, Spannung und Abenteuer f\u00fcr Gro\u00df und Klein. \u00dcber einen Raum der Wurzeln, durch eine Schriftrolle hindurch in die vergangenen Zeiten des Alten Orients eintauchen, in denen die Bibel entstand, als Heilige Schrift des Judentums und des Christentums. Sichere dir [&hellip;]<\/p>\n","protected":false},"featured_media":7527,"template":"","meta":[],"product_brand":[],"product_cat":[43],"product_tag":[],"class_list":{"0":"post-5270","1":"product","2":"type-product","3":"status-publish","4":"has-post-thumbnail","6":"product_cat-tickets","7":"product_shipping_class-click-collect","9":"first","10":"instock","11":"shipping-taxable","12":"purchasable","13":"product-type-variable"},"_links":{"self":[{"href":"https:\/\/bibelwelt.at\/hu\/wp-json\/wp\/v2\/product\/5270","targetHints":{"allow":["GET"]}}],"collection":[{"href":"https:\/\/bibelwelt.at\/hu\/wp-json\/wp\/v2\/product"}],"about":[{"href":"https:\/\/bibelwelt.at\/hu\/wp-json\/wp\/v2\/types\/product"}],"wp:featuredmedia":[{"embeddable":true,"href":"https:\/\/bibelwelt.at\/hu\/wp-json\/wp\/v2\/media\/7527"}],"wp:attachment":[{"href":"https:\/\/bibelwelt.at\/hu\/wp-json\/wp\/v2\/media?parent=5270"}],"wp:term":[{"taxonomy":"product_brand","embeddable":true,"href":"https:\/\/bibelwelt.at\/hu\/wp-json\/wp\/v2\/product_brand?post=5270"},{"taxonomy":"product_cat","embeddable":true,"href":"https:\/\/bibelwelt.at\/hu\/wp-json\/wp\/v2\/product_cat?post=5270"},{"taxonomy":"product_tag","embeddable":true,"href":"https:\/\/bibelwelt.at\/hu\/wp-json\/wp\/v2\/product_tag?post=5270"}],"curies":[{"name":"wp","href":"https:\/\/api.w.org\/{rel}","templated":true}]}}