{"id":45827,"date":"2025-03-05T10:34:14","date_gmt":"2025-03-05T09:34:14","guid":{"rendered":"https:\/\/bibelwelt.at\/?post_type=product&#038;p=45827"},"modified":"2025-04-02T16:29:33","modified_gmt":"2025-04-02T14:29:33","slug":"virtuelle-tour-in-oesterreichischer-gebaerdensprache","status":"publish","type":"product","link":"https:\/\/bibelwelt.at\/hu\/produkt\/virtuelle-tour-in-oesterreichischer-gebaerdensprache\/","title":{"rendered":"Virtuelle Tour in \u00f6sterreichischer Geb\u00e4rdensprache"},"content":{"rendered":"<p>Vollst\u00e4ndige 3D Tour der Bibelwelt Salzburg in deutscher Geb\u00e4rdensprache inkl.:<\/p>\n<ul>\n<li>1+ Stunde an Videomaterial<\/li>\n<li>1+ Stunde an Audiomaterial<\/li>\n<li>Vielen Infospots &amp; Quiz<\/li>\n<li>Bild- und Geschichtsmaterial zum nachlesen<\/li>\n<li>Uneingeschr\u00e4nkter Zugang<\/li>\n<\/ul>\n","protected":false},"excerpt":{"rendered":"<p>Vollst\u00e4ndige 3D Tour der Bibelwelt Salzburg in deutscher Geb\u00e4rdensprache inkl.: 1+ Stunde an Videomaterial 1+ Stunde an Audiomaterial Vielen Infospots &amp; Quiz Bild- und Geschichtsmaterial zum nachlesen Uneingeschr\u00e4nkter Zugang<\/p>\n","protected":false},"featured_media":7540,"template":"","meta":[],"product_brand":[],"product_cat":[59],"product_tag":[],"class_list":{"0":"post-45827","1":"product","2":"type-product","3":"status-publish","4":"has-post-thumbnail","6":"product_cat-virtuelle-tour","8":"first","9":"instock","10":"downloadable","11":"virtual","12":"purchasable","13":"product-type-simple"},"_links":{"self":[{"href":"https:\/\/bibelwelt.at\/hu\/wp-json\/wp\/v2\/product\/45827","targetHints":{"allow":["GET"]}}],"collection":[{"href":"https:\/\/bibelwelt.at\/hu\/wp-json\/wp\/v2\/product"}],"about":[{"href":"https:\/\/bibelwelt.at\/hu\/wp-json\/wp\/v2\/types\/product"}],"wp:featuredmedia":[{"embeddable":true,"href":"https:\/\/bibelwelt.at\/hu\/wp-json\/wp\/v2\/media\/7540"}],"wp:attachment":[{"href":"https:\/\/bibelwelt.at\/hu\/wp-json\/wp\/v2\/media?parent=45827"}],"wp:term":[{"taxonomy":"product_brand","embeddable":true,"href":"https:\/\/bibelwelt.at\/hu\/wp-json\/wp\/v2\/product_brand?post=45827"},{"taxonomy":"product_cat","embeddable":true,"href":"https:\/\/bibelwelt.at\/hu\/wp-json\/wp\/v2\/product_cat?post=45827"},{"taxonomy":"product_tag","embeddable":true,"href":"https:\/\/bibelwelt.at\/hu\/wp-json\/wp\/v2\/product_tag?post=45827"}],"curies":[{"name":"wp","href":"https:\/\/api.w.org\/{rel}","templated":true}]}}