{"id":8814,"date":"2021-11-15T12:28:50","date_gmt":"2021-11-15T11:28:50","guid":{"rendered":"https:\/\/bibelwelt.at\/home\/"},"modified":"2023-08-14T10:08:32","modified_gmt":"2023-08-14T10:08:32","slug":"home","status":"publish","type":"page","link":"https:\/\/bibelwelt.at\/hu\/","title":{"rendered":"Home"},"content":{"rendered":"\t\t<div data-elementor-type=\"wp-page\" data-elementor-id=\"8814\" class=\"elementor elementor-8814 elementor-11\" data-elementor-post-type=\"page\">\n\t\t\t\t\t\t<main class=\"elementor-section elementor-top-section elementor-element elementor-element-e677f5d elementor-section-height-min-height elementor-section-boxed elementor-section-height-default elementor-section-items-middle\" data-id=\"e677f5d\" data-element_type=\"section\" data-settings=\"{&quot;background_background&quot;:&quot;classic&quot;,&quot;shape_divider_bottom&quot;:&quot;book&quot;}\">\n\t\t\t\t\t\t\t<div class=\"elementor-background-overlay\"><\/div>\n\t\t\t\t\t\t<div class=\"elementor-shape elementor-shape-bottom\" aria-hidden=\"true\" data-negative=\"false\">\n\t\t\t<svg xmlns=\"http:\/\/www.w3.org\/2000\/svg\" viewBox=\"0 0 1000 100\" preserveAspectRatio=\"none\">\n\t<path class=\"elementor-shape-fill\" d=\"M194,99c186.7,0.7,305-78.3,306-97.2c1,18.9,119.3,97.9,306,97.2c114.3-0.3,194,0.3,194,0.3s0-91.7,0-100c0,0,0,0,0-0 L0,0v99.3C0,99.3,79.7,98.7,194,99z\"\/>\n<\/svg>\t\t<\/div>\n\t\t\t\t\t<div class=\"elementor-container elementor-column-gap-default\">\n\t\t\t\t\t<div class=\"elementor-column elementor-col-50 elementor-top-column elementor-element elementor-element-f785ab3\" data-id=\"f785ab3\" data-element_type=\"column\">\n\t\t\t<div class=\"elementor-widget-wrap elementor-element-populated\">\n\t\t\t\t\t\t<div class=\"elementor-element elementor-element-052d173 elementor-widget elementor-widget-text-editor\" data-id=\"052d173\" data-element_type=\"widget\" data-widget_type=\"text-editor.default\">\n\t\t\t\t<div class=\"elementor-widget-container\">\n\t\t\t\t\t\t\t\t\t<p>EGY<br \/>VIL\u00c1G<br \/>\u00daJSZER\u0170<br \/>MEGTAPASZTAL\u00c1SA<\/p>\n\t\t\t\t\t\t\t\t<\/div>\n\t\t\t\t<\/div>\n\t\t\t\t\t<\/div>\n\t\t<\/div>\n\t\t\t\t<div class=\"elementor-column elementor-col-50 elementor-top-column elementor-element elementor-element-751c7cc\" data-id=\"751c7cc\" data-element_type=\"column\">\n\t\t\t<div class=\"elementor-widget-wrap elementor-element-populated\">\n\t\t\t\t\t\t<div class=\"elementor-element elementor-element-dc8d1a2 elementor-view-default elementor-widget elementor-widget-icon\" data-id=\"dc8d1a2\" data-element_type=\"widget\" data-widget_type=\"icon.default\">\n\t\t\t\t<div class=\"elementor-widget-container\">\n\t\t\t\t\t\t\t<div class=\"elementor-icon-wrapper\">\n\t\t\t<div class=\"elementor-icon\">\n\t\t\t<svg xmlns=\"http:\/\/www.w3.org\/2000\/svg\" xmlns:xlink=\"http:\/\/www.w3.org\/1999\/xlink\" id=\"R&#xE9;teg_1\" x=\"0px\" y=\"0px\" viewBox=\"0 0 841.9 595.3\" style=\"enable-background:new 0 0 841.9 595.3;\" xml:space=\"preserve\"><style type=\"text\/css\">\t.st0{fill:#FECE39;}\t.st1{fill:#FFFFFF;}<\/style><g>\t<path class=\"st1\" d=\"M333.8,123.4v71.3h15.3c35.6,0,58.2,26.1,58.2,53.1c0,21.3-14,34.4-18.9,34.4c19.3,0,44.3,19.9,44.3,52.1   c0,29.6-21.3,60.8-62.5,60.8h-36.3v76.7c96.2,0,174.2-78,174.2-174.2S430.1,123.4,333.8,123.4z\"><\/path>\t<path class=\"st1\" d=\"M334.6,355.9h31.8c13.1,0,27-9,27-24.4c0-11.6-8-23.1-27.1-23.1h-31.7V355.9z\"><\/path>\t<path class=\"st1\" d=\"M369.8,253.2c0-11.3-8.8-19.3-18.2-19.3h-17v39.2h16.3C360.4,273.1,369.8,264.9,369.8,253.2z\"><\/path><\/g><\/svg>\t\t\t<\/div>\n\t\t<\/div>\n\t\t\t\t\t\t<\/div>\n\t\t\t\t<\/div>\n\t\t\t\t\t<\/div>\n\t\t<\/div>\n\t\t\t\t\t<\/div>\n\t\t<\/main>\n\t\t\t\t<section class=\"elementor-section elementor-top-section elementor-element elementor-element-592de79 animated-slow elementor-section-boxed elementor-section-height-default elementor-section-height-default elementor-invisible\" data-id=\"592de79\" data-element_type=\"section\" data-settings=\"{&quot;animation&quot;:&quot;fadeInUp&quot;}\">\n\t\t\t\t\t\t<div class=\"elementor-container elementor-column-gap-default\">\n\t\t\t\t\t<div class=\"elementor-column elementor-col-100 elementor-top-column elementor-element elementor-element-f4c1c09\" data-id=\"f4c1c09\" data-element_type=\"column\" data-settings=\"{&quot;background_background&quot;:&quot;classic&quot;}\">\n\t\t\t<div class=\"elementor-widget-wrap elementor-element-populated\">\n\t\t\t\t\t\t<section class=\"elementor-section elementor-inner-section elementor-element elementor-element-7a1ce41 elementor-section-full_width elementor-section-height-default elementor-section-height-default elementor-invisible\" data-id=\"7a1ce41\" data-element_type=\"section\" data-settings=\"{&quot;animation&quot;:&quot;slideInUp&quot;}\">\n\t\t\t\t\t\t<div class=\"elementor-container elementor-column-gap-default\">\n\t\t\t\t\t<div class=\"elementor-column elementor-col-50 elementor-inner-column elementor-element elementor-element-8c4ba1a animated-slow elementor-invisible\" data-id=\"8c4ba1a\" data-element_type=\"column\" data-settings=\"{&quot;background_background&quot;:&quot;classic&quot;,&quot;animation&quot;:&quot;slideInUp&quot;}\">\n\t\t\t<div class=\"elementor-widget-wrap elementor-element-populated\">\n\t\t\t\t\t\t<div class=\"elementor-element elementor-element-de64800 elementor-widget elementor-widget-spacer\" data-id=\"de64800\" data-element_type=\"widget\" data-widget_type=\"spacer.default\">\n\t\t\t\t<div class=\"elementor-widget-container\">\n\t\t\t\t\t\t\t<div class=\"elementor-spacer\">\n\t\t\t<div class=\"elementor-spacer-inner\"><\/div>\n\t\t<\/div>\n\t\t\t\t\t\t<\/div>\n\t\t\t\t<\/div>\n\t\t\t\t\t<\/div>\n\t\t<\/div>\n\t\t\t\t<div class=\"elementor-column elementor-col-50 elementor-inner-column elementor-element elementor-element-b481619 elementor-invisible\" data-id=\"b481619\" data-element_type=\"column\" data-settings=\"{&quot;background_background&quot;:&quot;classic&quot;,&quot;animation&quot;:&quot;slideInUp&quot;}\">\n\t\t\t<div class=\"elementor-widget-wrap elementor-element-populated\">\n\t\t\t\t\t\t<div class=\"elementor-element elementor-element-f97717a elementor-widget elementor-widget-heading\" data-id=\"f97717a\" data-element_type=\"widget\" data-widget_type=\"heading.default\">\n\t\t\t\t<div class=\"elementor-widget-container\">\n\t\t\t\t\t<h2 class=\"elementor-heading-title elementor-size-default\">Az emberi l\u00e9t megtapasztal\u00e1sa<br>\nAz emberi l\u00e9t meg\u00e9rt\u00e9se<\/h2>\t\t\t\t<\/div>\n\t\t\t\t<\/div>\n\t\t\t\t<div class=\"elementor-element elementor-element-ceea61c elementor-widget elementor-widget-heading\" data-id=\"ceea61c\" data-element_type=\"widget\" data-widget_type=\"heading.default\">\n\t\t\t\t<div class=\"elementor-widget-container\">\n\t\t\t\t\t<h5 class=\"elementor-heading-title elementor-size-default\">A Biblia kincs\u00e9nek felfedez\u00e9se ...<\/h5>\t\t\t\t<\/div>\n\t\t\t\t<\/div>\n\t\t\t\t<div class=\"elementor-element elementor-element-2184861 elementor-widget elementor-widget-text-editor\" data-id=\"2184861\" data-element_type=\"widget\" data-widget_type=\"text-editor.default\">\n\t\t\t\t<div class=\"elementor-widget-container\">\n\t\t\t\t\t\t\t\t\t<p>&#8230;l\u00e9pjen be a Biblia vil\u00e1g\u00e1ba, ahol minden koroszt\u00e1lyt testk\u00f6zelb\u0151l v\u00e1r 700 m\u00b2 j\u00e1t\u00e9k, izgalom \u00e9s kaland.<\/p>\n<p>&#8230; a gy\u00f6kerek szob\u00e1j\u00e1n \u00e1t, egy tekercsen kereszt\u00fcl az \u00f3kori K\u00f6zel-Kelet let\u0171nt korszak\u00e1ba, amikor a Biblia, a zsid\u00f3s\u00e1g \u00e9s a kereszt\u00e9nys\u00e9g Szent\u00edr\u00e1sa keletkezett.<\/p>\n\t\t\t\t\t\t\t\t<\/div>\n\t\t\t\t<\/div>\n\t\t\t\t<div class=\"elementor-element elementor-element-d50aaa9 elementor-widget elementor-widget-toggle\" data-id=\"d50aaa9\" data-element_type=\"widget\" data-widget_type=\"toggle.default\">\n\t\t\t\t<div class=\"elementor-widget-container\">\n\t\t\t\t\t\t\t<div class=\"elementor-toggle\">\n\t\t\t\t\t\t\t<div class=\"elementor-toggle-item\">\n\t\t\t\t\t<div id=\"elementor-tab-title-2231\" class=\"elementor-tab-title\" data-tab=\"1\" role=\"button\" aria-controls=\"elementor-tab-content-2231\" aria-expanded=\"false\">\n\t\t\t\t\t\t\t\t\t\t\t\t<span class=\"elementor-toggle-icon elementor-toggle-icon-left\" aria-hidden=\"true\">\n\t\t\t\t\t\t\t\t\t\t\t\t\t\t\t<span class=\"elementor-toggle-icon-closed\"><i class=\"fas fa-caret-right\"><\/i><\/span>\n\t\t\t\t\t\t\t\t<span class=\"elementor-toggle-icon-opened\"><i class=\"elementor-toggle-icon-opened fas fa-caret-up\"><\/i><\/span>\n\t\t\t\t\t\t\t\t\t\t\t\t\t<\/span>\n\t\t\t\t\t\t\t\t\t\t\t\t<a class=\"elementor-toggle-title\" tabindex=\"0\">Tudjon meg t\u00f6bbet<\/a>\n\t\t\t\t\t<\/div>\n\n\t\t\t\t\t<div id=\"elementor-tab-content-2231\" class=\"elementor-tab-content elementor-clearfix\" data-tab=\"1\" role=\"region\" aria-labelledby=\"elementor-tab-title-2231\"><p>Egy minden \u00e9rz\u00e9kre kiterjed\u0151 \u00e9lm\u00e9nyvil\u00e1gon s\u00e9t\u00e1lhat kereszt\u00fcl. Megismerheti<\/p>\n<ul>\n<li>a h\u00e9ber \u00edr\u00e1st<\/li>\n<li>a pr\u00f3f\u00e9t\u00e1k vil\u00e1g\u00e1t<\/li>\n<li>J\u00f3n\u00e1s pr\u00f3f\u00e9ta utaz\u00e1s\u00e1t egy kalandos, kifejezetten gyerekeknek tervezett haj\u00f3n, a nagy halat, \u00e9s Ninive ijeszt\u0151 &#8222;l\u00e1tk\u00e9p\u00e9t&#8221;<\/li>\n<li>a zsid\u00f3s\u00e1got J\u00e9zus \u00e9s P\u00e1l idej\u00e9ben<\/li>\n<li>a kereszt\u00e9nys\u00e9g kialakul\u00e1s\u00e1t az \u00f3kori R\u00f3mai Birodalomban<\/li>\n<li>a pr\u00f3f\u00e9t\u00e1k \u00e1that\u00f3 b\u00edr\u00e1lat\u00e1t<\/li>\n<li>a v\u00e1ndor pr\u00e9dik\u00e1tor N\u00e1z\u00e1reti J\u00e9zus leny\u0171g\u00f6z\u0151 embers\u00e9g\u00e9t<\/li>\n<li>P\u00e1lnak \u00e9s J\u00e9zus t\u00f6bbi tan\u00edtv\u00e1ny\u00e1nak f\u00e1rads\u00e1gos misszi\u00f3s munk\u00e1j\u00e1t<\/li>\n<\/ul>\n<p>Egy tov\u00e1bbi b\u0151v\u00edt\u00e9s ut\u00e1n azt is megtudhatja, mi a k\u00f6z\u00f6s a Bibli\u00e1ban \u00e9s a Kor\u00e1nban, \u00e9s mi v\u00e1lasztja el \u0151ket egym\u00e1st\u00f3l.<\/p>\n<p><span style=\"color: #fece34;\"><strong>Minden koroszt\u00e1ly sz\u00e1m\u00e1ra<\/strong><\/span><\/p>\n<p>Aj\u00e1nljuk gyermekeknek 3 \u00e9ves kort\u00f3l, tin\u00e9dzsereknek \u00e9s feln\u0151tteknek. A vall\u00e1s, egy idegen kult\u00fara vagy a m\u0171v\u00e9szetek ir\u00e1nt \u00e9rdekl\u0151d\u0151k sz\u00e1m\u00e1ra. Azoknak, akik szeretn\u00e9k elm\u00e9ly\u00edteni a hit\u00fcket<\/p>\n<p><span style=\"color: #fece34;\"><strong>K\u00edn\u00e1latunk<\/strong><\/span><\/p>\n<p>Hangos \u00fatmutat\u00f3k gyermekek, fiatalok \u00e9s feln\u0151ttek sz\u00e1m\u00e1ra, melyek okostelefonon kereszt\u00fcl is el\u00e9rhet\u0151ek: <a href=\"https:\/\/direct.hearonymus.com\/guide\/784\">itt<\/a> \u00e9s <a href=\"https:\/\/direct.hearonymus.com\/guide\/156\">itt<\/a>.<\/p>\n<p>Vezetett t\u00far\u00e1k \u00e9s Bibelwelt bolt<\/p>\n<\/div>\n\t\t\t\t<\/div>\n\t\t\t\t\t\t\t\t<\/div>\n\t\t\t\t\t\t<\/div>\n\t\t\t\t<\/div>\n\t\t\t\t\t<\/div>\n\t\t<\/div>\n\t\t\t\t\t<\/div>\n\t\t<\/section>\n\t\t\t\t\t<\/div>\n\t\t<\/div>\n\t\t\t\t\t<\/div>\n\t\t<\/section>\n\t\t\t\t<section class=\"elementor-section elementor-top-section elementor-element elementor-element-8fab5ba animated-slow elementor-section-boxed elementor-section-height-default elementor-section-height-default elementor-invisible\" data-id=\"8fab5ba\" data-element_type=\"section\" data-settings=\"{&quot;background_background&quot;:&quot;classic&quot;,&quot;animation&quot;:&quot;fadeInUp&quot;,&quot;shape_divider_top&quot;:&quot;book&quot;,&quot;shape_divider_top_negative&quot;:&quot;yes&quot;,&quot;shape_divider_bottom&quot;:&quot;book&quot;}\">\n\t\t\t\t\t<div class=\"elementor-shape elementor-shape-top\" aria-hidden=\"true\" data-negative=\"true\">\n\t\t\t<svg xmlns=\"http:\/\/www.w3.org\/2000\/svg\" viewBox=\"0 0 1000 100\" preserveAspectRatio=\"none\">\n\t<path class=\"elementor-shape-fill\" d=\"M806,94.7C619.5,90,500,20.3,500,1.7c-1,18.6-117.5,88.3-306,93C92,97.2,0,97.9,0,97.9v-0l0,0v2.3h1000v-2.3 C1000,97.7,920.3,97.6,806,94.7z M350,65.1L350,65.1L350,65.1L350,65.1z\"\/>\n<\/svg>\n\t\t<\/div>\n\t\t\t\t<div class=\"elementor-shape elementor-shape-bottom\" aria-hidden=\"true\" data-negative=\"false\">\n\t\t\t<svg xmlns=\"http:\/\/www.w3.org\/2000\/svg\" viewBox=\"0 0 1000 100\" preserveAspectRatio=\"none\">\n\t<path class=\"elementor-shape-fill\" d=\"M194,99c186.7,0.7,305-78.3,306-97.2c1,18.9,119.3,97.9,306,97.2c114.3-0.3,194,0.3,194,0.3s0-91.7,0-100c0,0,0,0,0-0 L0,0v99.3C0,99.3,79.7,98.7,194,99z\"\/>\n<\/svg>\t\t<\/div>\n\t\t\t\t\t<div class=\"elementor-container elementor-column-gap-no\">\n\t\t\t\t\t<div class=\"elementor-column elementor-col-100 elementor-top-column elementor-element elementor-element-fb3327f\" data-id=\"fb3327f\" data-element_type=\"column\">\n\t\t\t<div class=\"elementor-widget-wrap elementor-element-populated\">\n\t\t\t\t\t\t<section class=\"elementor-section elementor-inner-section elementor-element elementor-element-44bf4c3 elementor-section-full_width elementor-section-height-default elementor-section-height-default\" data-id=\"44bf4c3\" data-element_type=\"section\">\n\t\t\t\t\t\t<div class=\"elementor-container elementor-column-gap-default\">\n\t\t\t\t\t<div class=\"elementor-column elementor-col-33 elementor-inner-column elementor-element elementor-element-c377b67 elementor-invisible\" data-id=\"c377b67\" data-element_type=\"column\" data-settings=\"{&quot;background_background&quot;:&quot;classic&quot;,&quot;animation&quot;:&quot;fadeInUp&quot;}\">\n\t\t\t<div class=\"elementor-widget-wrap elementor-element-populated\">\n\t\t\t\t\t\t<div class=\"elementor-element elementor-element-bc471b0 elementor-widget elementor-widget-heading\" data-id=\"bc471b0\" data-element_type=\"widget\" data-widget_type=\"heading.default\">\n\t\t\t\t<div class=\"elementor-widget-container\">\n\t\t\t\t\t<h3 class=\"elementor-heading-title elementor-size-default\">A Bibelwelt<\/h3>\t\t\t\t<\/div>\n\t\t\t\t<\/div>\n\t\t\t\t<div class=\"elementor-element elementor-element-14d69e6 elementor-widget elementor-widget-tp-button\" data-id=\"14d69e6\" data-element_type=\"widget\" data-widget_type=\"tp-button.default\">\n\t\t\t\t<div class=\"elementor-widget-container\">\n\t\t\t\t\t<div class=\"pt-plus-button-wrapper   text-center   \"><div class=\"button_parallax   \" ><div id=\"button69d36acc391ec\"  class=\" text-center ts-button content_hover_effect   \" ><div class=\"pt_plus_button btn69d36acc391d0 button-style-8   \"  ><div class=\"animted-content-inner \"><a href=\"https:\/\/bibelwelt.at\/die-bibelwelt-in-salzburg\/\" class=\"button-link-wrap \" role=\"button\" data-hover=\"Tudjon meg t\u00f6bbet\"  >Tudjon meg t\u00f6bbet<\/a><\/div><\/div><\/div><\/div><\/div>\t\t\t\t<\/div>\n\t\t\t\t<\/div>\n\t\t\t\t\t<\/div>\n\t\t<\/div>\n\t\t\t\t<div class=\"elementor-column elementor-col-33 elementor-inner-column elementor-element elementor-element-a044d0c elementor-invisible\" data-id=\"a044d0c\" data-element_type=\"column\" data-settings=\"{&quot;animation&quot;:&quot;fadeInUp&quot;,&quot;animation_delay&quot;:400}\">\n\t\t\t<div class=\"elementor-widget-wrap elementor-element-populated\">\n\t\t\t\t\t\t<div class=\"elementor-element elementor-element-959c50d elementor-widget elementor-widget-heading\" data-id=\"959c50d\" data-element_type=\"widget\" data-widget_type=\"heading.default\">\n\t\t\t\t<div class=\"elementor-widget-container\">\n\t\t\t\t\t<h3 class=\"elementor-heading-title elementor-size-default\">Virtu\u00e1lis t\u00fara<\/h3>\t\t\t\t<\/div>\n\t\t\t\t<\/div>\n\t\t\t\t<div class=\"elementor-element elementor-element-0c53dba elementor-widget elementor-widget-tp-button\" data-id=\"0c53dba\" data-element_type=\"widget\" data-widget_type=\"tp-button.default\">\n\t\t\t\t<div class=\"elementor-widget-container\">\n\t\t\t\t\t<div class=\"pt-plus-button-wrapper   text-center   \"><div class=\"button_parallax   \" ><div id=\"button69d36acc39564\"  class=\" text-center ts-button content_hover_effect   \" ><div class=\"pt_plus_button btn69d36acc39553 button-style-8   \"  ><div class=\"animted-content-inner \"><a href=\"https:\/\/bibelwelt.at\/shop\/virtuelle-tour\/\" class=\"button-link-wrap \" role=\"button\" data-hover=\"Mer\u00fclj\u00f6n bele\"  >Mer\u00fclj\u00f6n bele<\/a><\/div><\/div><\/div><\/div><\/div>\t\t\t\t<\/div>\n\t\t\t\t<\/div>\n\t\t\t\t\t<\/div>\n\t\t<\/div>\n\t\t\t\t<div class=\"elementor-column elementor-col-33 elementor-inner-column elementor-element elementor-element-bff86b4 elementor-invisible\" data-id=\"bff86b4\" data-element_type=\"column\" data-settings=\"{&quot;animation&quot;:&quot;fadeInUp&quot;,&quot;animation_delay&quot;:800}\">\n\t\t\t<div class=\"elementor-widget-wrap elementor-element-populated\">\n\t\t\t\t\t\t<div class=\"elementor-element elementor-element-1f72941 elementor-widget elementor-widget-heading\" data-id=\"1f72941\" data-element_type=\"widget\" data-widget_type=\"heading.default\">\n\t\t\t\t<div class=\"elementor-widget-container\">\n\t\t\t\t\t<h3 class=\"elementor-heading-title elementor-size-default\">Jegyek<\/h3>\t\t\t\t<\/div>\n\t\t\t\t<\/div>\n\t\t\t\t<div class=\"elementor-element elementor-element-0c2de6d elementor-widget elementor-widget-tp-button\" data-id=\"0c2de6d\" data-element_type=\"widget\" data-widget_type=\"tp-button.default\">\n\t\t\t\t<div class=\"elementor-widget-container\">\n\t\t\t\t\t<div class=\"pt-plus-button-wrapper   text-center   \"><div class=\"button_parallax   \" ><div id=\"button69d36acc39895\"  class=\" text-center ts-button content_hover_effect   \" ><div class=\"pt_plus_button btn69d36acc39887 button-style-8   \"  ><div class=\"animted-content-inner \"><a href=\"https:\/\/bibelwelt.at\/shop\/eintrittskarten\/\" class=\"button-link-wrap \" role=\"button\" data-hover=\"Online v\u00e1s\u00e1rl\u00e1s\"  >Online v\u00e1s\u00e1rl\u00e1s<\/a><\/div><\/div><\/div><\/div><\/div>\t\t\t\t<\/div>\n\t\t\t\t<\/div>\n\t\t\t\t\t<\/div>\n\t\t<\/div>\n\t\t\t\t\t<\/div>\n\t\t<\/section>\n\t\t\t\t\t<\/div>\n\t\t<\/div>\n\t\t\t\t\t<\/div>\n\t\t<\/section>\n\t\t\t\t<section class=\"elementor-section elementor-top-section elementor-element elementor-element-369f3ae elementor-section-boxed elementor-section-height-default elementor-section-height-default\" data-id=\"369f3ae\" data-element_type=\"section\">\n\t\t\t\t\t\t<div class=\"elementor-container elementor-column-gap-no\">\n\t\t\t\t\t<div class=\"elementor-column elementor-col-100 elementor-top-column elementor-element elementor-element-a80bf32\" data-id=\"a80bf32\" data-element_type=\"column\">\n\t\t\t<div class=\"elementor-widget-wrap elementor-element-populated\">\n\t\t\t\t\t\t<div class=\"elementor-element elementor-element-c7d8e76 elementor-invisible elementor-widget elementor-widget-google_maps\" data-id=\"c7d8e76\" data-element_type=\"widget\" data-settings=\"{&quot;_animation&quot;:&quot;fadeInUp&quot;}\" data-widget_type=\"google_maps.default\">\n\t\t\t\t<div class=\"elementor-widget-container\">\n\t\t\t\t\t\t\t<div class=\"elementor-custom-embed\">\n\t\t\t<iframe loading=\"lazy\"\n\t\t\t\t\tsrc=\"https:\/\/maps.google.com\/maps?q=Bibelwelt&#038;t=m&#038;z=13&#038;output=embed&#038;iwloc=near\"\n\t\t\t\t\ttitle=\"Bibelwelt\"\n\t\t\t\t\taria-label=\"Bibelwelt\"\n\t\t\t><\/iframe>\n\t\t<\/div>\n\t\t\t\t\t\t<\/div>\n\t\t\t\t<\/div>\n\t\t\t\t<div class=\"elementor-element elementor-element-1298182 elementor-widget elementor-widget-spacer\" data-id=\"1298182\" data-element_type=\"widget\" data-widget_type=\"spacer.default\">\n\t\t\t\t<div class=\"elementor-widget-container\">\n\t\t\t\t\t\t\t<div class=\"elementor-spacer\">\n\t\t\t<div class=\"elementor-spacer-inner\"><\/div>\n\t\t<\/div>\n\t\t\t\t\t\t<\/div>\n\t\t\t\t<\/div>\n\t\t\t\t\t<\/div>\n\t\t<\/div>\n\t\t\t\t\t<\/div>\n\t\t<\/section>\n\t\t\t\t<section class=\"elementor-section elementor-top-section elementor-element elementor-element-5a647c3 animated-slow elementor-section-boxed elementor-section-height-default elementor-section-height-default elementor-invisible\" data-id=\"5a647c3\" data-element_type=\"section\" data-settings=\"{&quot;animation&quot;:&quot;fadeInUp&quot;}\">\n\t\t\t\t\t\t<div class=\"elementor-container elementor-column-gap-wide\">\n\t\t\t\t\t<div class=\"elementor-column elementor-col-33 elementor-top-column elementor-element elementor-element-791be90 animated-slow elementor-invisible\" data-id=\"791be90\" data-element_type=\"column\" data-settings=\"{&quot;background_background&quot;:&quot;classic&quot;,&quot;animation&quot;:&quot;slideInUp&quot;}\">\n\t\t\t<div class=\"elementor-widget-wrap elementor-element-populated\">\n\t\t\t\t\t\t<div class=\"elementor-element elementor-element-d8d2257 elementor-widget elementor-widget-tp-info-box\" data-id=\"d8d2257\" data-element_type=\"widget\" data-widget_type=\"tp-info-box.default\">\n\t\t\t\t<div class=\"elementor-widget-container\">\n\t\t\t\t\t<div id=\"info_box69d36acc3649c\" class=\"pt_plus_info_box hover_normal    info_box69d36acc3649c info-box-style_3      \"  data-id=\"info_box69d36acc3649c\"    dir= data-connection=\"\" data-eventtype=\"\" ><div class=\"post-inner-loop \"><div class=\"info-box-inner content_hover_effect  tp-info-nc\"   ><div class=\"info-box-bg-box     \" ><div class=\"info-box-content\"><div class=\"service-center  \"><div class=\"info-icon-content\"><div class=\"service-icon-wrap\"><span class=\" service-icon  icon-squre\"><i aria-hidden=\"true\" class=\"far fa-envelope\"><\/i><\/span><\/div><\/div><div class=\"service-border\"> <\/div><div class=\"service-desc\"> <p>+43 (0)676-8746 7080<\/p><p><a href=\"mailto:bibelwelt.at@gmail.com\">bibelwelt.at@gmail.com<\/a><\/p><p><a href=\"https:\/\/bibelwelt.at\/\">www.bibelwelt.at<\/a><\/p> <\/div><\/div><\/div><div class=\"infobox-overlay-color \"><\/div><\/div><\/div><\/div><\/div>\t\t\t\t<\/div>\n\t\t\t\t<\/div>\n\t\t\t\t\t<\/div>\n\t\t<\/div>\n\t\t\t\t<div class=\"elementor-column elementor-col-33 elementor-top-column elementor-element elementor-element-6047cd1 animated-slow elementor-invisible\" data-id=\"6047cd1\" data-element_type=\"column\" data-settings=\"{&quot;background_background&quot;:&quot;classic&quot;,&quot;animation&quot;:&quot;slideInUp&quot;,&quot;animation_delay&quot;:400}\">\n\t\t\t<div class=\"elementor-widget-wrap elementor-element-populated\">\n\t\t\t\t\t\t<div class=\"elementor-element elementor-element-3cd112a elementor-widget elementor-widget-tp-info-box\" data-id=\"3cd112a\" data-element_type=\"widget\" data-widget_type=\"tp-info-box.default\">\n\t\t\t\t<div class=\"elementor-widget-container\">\n\t\t\t\t\t<div id=\"info_box69d36acc36df9\" class=\"pt_plus_info_box hover_normal    info_box69d36acc36df9 info-box-style_3      \"  data-id=\"info_box69d36acc36df9\"    dir= data-connection=\"\" data-eventtype=\"\" ><div class=\"post-inner-loop \"><div class=\"info-box-inner content_hover_effect  tp-info-nc\"   ><div class=\"info-box-bg-box     \" ><div class=\"info-box-content\"><div class=\"service-center  \"><div class=\"info-icon-content\"><div class=\"service-icon-wrap\"><span class=\" service-icon  icon-squre\"><i aria-hidden=\"true\" class=\"fas fa-bus\"><\/i><\/span><\/div><\/div><div class=\"service-border\"> <\/div><div class=\"service-desc\"> <p>5 perc s\u00e9t\u00e1ra a salzburgi f\u0151p\u00e1lyaudvart\u00f3l (a Westbahn \u00e9s a BRB utasai kedvezm\u00e9nyt kapnak a bel\u00e9p\u0151jegy \u00e1r\u00e1b\u00f3l). A 6-os trolibusz vonal\u00e1n a \"Plainschule\" meg\u00e1ll\u00f3helyt\u0151l 1 percre<\/p>\n <\/div><\/div><\/div><div class=\"infobox-overlay-color \"><\/div><\/div><\/div><\/div><\/div>\t\t\t\t<\/div>\n\t\t\t\t<\/div>\n\t\t\t\t\t<\/div>\n\t\t<\/div>\n\t\t\t\t<div class=\"elementor-column elementor-col-33 elementor-top-column elementor-element elementor-element-51b038a animated-slow elementor-invisible\" data-id=\"51b038a\" data-element_type=\"column\" data-settings=\"{&quot;background_background&quot;:&quot;classic&quot;,&quot;animation&quot;:&quot;slideInUp&quot;,&quot;animation_delay&quot;:800}\">\n\t\t\t<div class=\"elementor-widget-wrap elementor-element-populated\">\n\t\t\t\t\t\t<div class=\"elementor-element elementor-element-99f73f0 elementor-widget elementor-widget-tp-info-box\" data-id=\"99f73f0\" data-element_type=\"widget\" data-widget_type=\"tp-info-box.default\">\n\t\t\t\t<div class=\"elementor-widget-container\">\n\t\t\t\t\t<div id=\"info_box69d36acc377af\" class=\"pt_plus_info_box hover_normal    info_box69d36acc377af info-box-style_3      \"  data-id=\"info_box69d36acc377af\"    dir= data-connection=\"\" data-eventtype=\"\" ><div class=\"post-inner-loop \"><div class=\"info-box-inner content_hover_effect  tp-info-nc\"   ><div class=\"info-box-bg-box     \" ><div class=\"info-box-content\"><div class=\"service-center  \"><div class=\"info-icon-content\"><div class=\"service-icon-wrap\"><span class=\" service-icon  icon-squre\"><i aria-hidden=\"true\" class=\"fas fa-car\"><\/i><\/span><\/div><\/div><div class=\"service-border\"> <\/div><div class=\"service-desc\"> <p>2 perc s\u00e9t\u00e1ra a Fanny-von-Lehnert Strasse 7 parkol\u00f3h\u00e1zt\u00f3l (a Bibelweltben kieg\u00e9sz\u00edt\u0151 parkol\u00f3k\u00e1rty\u00e1val kedvezm\u00e9nyes parkol\u00e1si lehet\u0151s\u00e9get biztos\u00edtunk). Az aut\u00f3buszok az Autobahn Nordabfahrt buszparkol\u00f3t haszn\u00e1lj\u00e1k (4 perc aut\u00f3\u00fat).<\/p>\n <\/div><\/div><\/div><div class=\"infobox-overlay-color \"><\/div><\/div><\/div><\/div><\/div>\t\t\t\t<\/div>\n\t\t\t\t<\/div>\n\t\t\t\t\t<\/div>\n\t\t<\/div>\n\t\t\t\t\t<\/div>\n\t\t<\/section>\n\t\t\t\t<\/div>\n\t\t","protected":false},"excerpt":{"rendered":"<p>EGYVIL\u00c1G\u00daJSZER\u0170MEGTAPASZTAL\u00c1SA Az emberi l\u00e9t megtapasztal\u00e1sa Az emberi l\u00e9t meg\u00e9rt\u00e9se A Biblia kincs\u00e9nek felfedez\u00e9se &#8230; &#8230;l\u00e9pjen be a Biblia vil\u00e1g\u00e1ba, ahol minden koroszt\u00e1lyt testk\u00f6zelb\u0151l v\u00e1r 700 m\u00b2 j\u00e1t\u00e9k, izgalom \u00e9s kaland. &#8230; a gy\u00f6kerek szob\u00e1j\u00e1n \u00e1t, egy tekercsen kereszt\u00fcl az \u00f3kori K\u00f6zel-Kelet let\u0171nt korszak\u00e1ba, amikor a Biblia, a zsid\u00f3s\u00e1g \u00e9s a kereszt\u00e9nys\u00e9g Szent\u00edr\u00e1sa keletkezett. Tudjon meg [&hellip;]<\/p>\n","protected":false},"author":3,"featured_media":0,"parent":0,"menu_order":0,"comment_status":"closed","ping_status":"closed","template":"","meta":{"footnotes":""},"class_list":["post-8814","page","type-page","status-publish","hentry"],"_links":{"self":[{"href":"https:\/\/bibelwelt.at\/hu\/wp-json\/wp\/v2\/pages\/8814","targetHints":{"allow":["GET"]}}],"collection":[{"href":"https:\/\/bibelwelt.at\/hu\/wp-json\/wp\/v2\/pages"}],"about":[{"href":"https:\/\/bibelwelt.at\/hu\/wp-json\/wp\/v2\/types\/page"}],"author":[{"embeddable":true,"href":"https:\/\/bibelwelt.at\/hu\/wp-json\/wp\/v2\/users\/3"}],"replies":[{"embeddable":true,"href":"https:\/\/bibelwelt.at\/hu\/wp-json\/wp\/v2\/comments?post=8814"}],"version-history":[{"count":0,"href":"https:\/\/bibelwelt.at\/hu\/wp-json\/wp\/v2\/pages\/8814\/revisions"}],"wp:attachment":[{"href":"https:\/\/bibelwelt.at\/hu\/wp-json\/wp\/v2\/media?parent=8814"}],"curies":[{"name":"wp","href":"https:\/\/api.w.org\/{rel}","templated":true}]}}