{"id":8641,"date":"2021-11-15T12:28:50","date_gmt":"2021-11-15T11:28:50","guid":{"rendered":"https:\/\/bibelwelt.at\/accueil\/"},"modified":"2023-08-14T10:08:11","modified_gmt":"2023-08-14T10:08:11","slug":"accueil","status":"publish","type":"page","link":"https:\/\/bibelwelt.at\/fr\/","title":{"rendered":"Accueil"},"content":{"rendered":"\t\t<div data-elementor-type=\"wp-page\" data-elementor-id=\"8641\" class=\"elementor elementor-8641 elementor-11\" data-elementor-post-type=\"page\">\n\t\t\t\t\t\t<main class=\"elementor-section elementor-top-section elementor-element elementor-element-e677f5d elementor-section-height-min-height elementor-section-boxed elementor-section-height-default elementor-section-items-middle\" data-id=\"e677f5d\" data-element_type=\"section\" data-settings=\"{&quot;background_background&quot;:&quot;classic&quot;,&quot;shape_divider_bottom&quot;:&quot;book&quot;}\">\n\t\t\t\t\t\t\t<div class=\"elementor-background-overlay\"><\/div>\n\t\t\t\t\t\t<div class=\"elementor-shape elementor-shape-bottom\" aria-hidden=\"true\" data-negative=\"false\">\n\t\t\t<svg xmlns=\"http:\/\/www.w3.org\/2000\/svg\" viewBox=\"0 0 1000 100\" preserveAspectRatio=\"none\">\n\t<path class=\"elementor-shape-fill\" d=\"M194,99c186.7,0.7,305-78.3,306-97.2c1,18.9,119.3,97.9,306,97.2c114.3-0.3,194,0.3,194,0.3s0-91.7,0-100c0,0,0,0,0-0 L0,0v99.3C0,99.3,79.7,98.7,194,99z\"\/>\n<\/svg>\t\t<\/div>\n\t\t\t\t\t<div class=\"elementor-container elementor-column-gap-default\">\n\t\t\t\t\t<div class=\"elementor-column elementor-col-50 elementor-top-column elementor-element elementor-element-f785ab3\" data-id=\"f785ab3\" data-element_type=\"column\">\n\t\t\t<div class=\"elementor-widget-wrap elementor-element-populated\">\n\t\t\t\t\t\t<div class=\"elementor-element elementor-element-052d173 elementor-widget elementor-widget-text-editor\" data-id=\"052d173\" data-element_type=\"widget\" data-widget_type=\"text-editor.default\">\n\t\t\t\t<div class=\"elementor-widget-container\">\n\t\t\t\t\t\t\t\t\t<p>UN<br \/>MONDE<br \/>NOUVEAU<br \/>D&rsquo;EXP\u00c9RIENCES<\/p>\n\t\t\t\t\t\t\t\t<\/div>\n\t\t\t\t<\/div>\n\t\t\t\t\t<\/div>\n\t\t<\/div>\n\t\t\t\t<div class=\"elementor-column elementor-col-50 elementor-top-column elementor-element elementor-element-751c7cc\" data-id=\"751c7cc\" data-element_type=\"column\">\n\t\t\t<div class=\"elementor-widget-wrap elementor-element-populated\">\n\t\t\t\t\t\t<div class=\"elementor-element elementor-element-dc8d1a2 elementor-view-default elementor-widget elementor-widget-icon\" data-id=\"dc8d1a2\" data-element_type=\"widget\" data-widget_type=\"icon.default\">\n\t\t\t\t<div class=\"elementor-widget-container\">\n\t\t\t\t\t\t\t<div class=\"elementor-icon-wrapper\">\n\t\t\t<div class=\"elementor-icon\">\n\t\t\t<svg xmlns=\"http:\/\/www.w3.org\/2000\/svg\" xmlns:xlink=\"http:\/\/www.w3.org\/1999\/xlink\" id=\"R&#xE9;teg_1\" x=\"0px\" y=\"0px\" viewBox=\"0 0 841.9 595.3\" style=\"enable-background:new 0 0 841.9 595.3;\" xml:space=\"preserve\"><style type=\"text\/css\">\t.st0{fill:#FECE39;}\t.st1{fill:#FFFFFF;}<\/style><g>\t<path class=\"st1\" d=\"M333.8,123.4v71.3h15.3c35.6,0,58.2,26.1,58.2,53.1c0,21.3-14,34.4-18.9,34.4c19.3,0,44.3,19.9,44.3,52.1   c0,29.6-21.3,60.8-62.5,60.8h-36.3v76.7c96.2,0,174.2-78,174.2-174.2S430.1,123.4,333.8,123.4z\"><\/path>\t<path class=\"st1\" d=\"M334.6,355.9h31.8c13.1,0,27-9,27-24.4c0-11.6-8-23.1-27.1-23.1h-31.7V355.9z\"><\/path>\t<path class=\"st1\" d=\"M369.8,253.2c0-11.3-8.8-19.3-18.2-19.3h-17v39.2h16.3C360.4,273.1,369.8,264.9,369.8,253.2z\"><\/path><\/g><\/svg>\t\t\t<\/div>\n\t\t<\/div>\n\t\t\t\t\t\t<\/div>\n\t\t\t\t<\/div>\n\t\t\t\t\t<\/div>\n\t\t<\/div>\n\t\t\t\t\t<\/div>\n\t\t<\/main>\n\t\t\t\t<section class=\"elementor-section elementor-top-section elementor-element elementor-element-592de79 animated-slow elementor-section-boxed elementor-section-height-default elementor-section-height-default elementor-invisible\" data-id=\"592de79\" data-element_type=\"section\" data-settings=\"{&quot;animation&quot;:&quot;fadeInUp&quot;}\">\n\t\t\t\t\t\t<div class=\"elementor-container elementor-column-gap-default\">\n\t\t\t\t\t<div class=\"elementor-column elementor-col-100 elementor-top-column elementor-element elementor-element-f4c1c09\" data-id=\"f4c1c09\" data-element_type=\"column\" data-settings=\"{&quot;background_background&quot;:&quot;classic&quot;}\">\n\t\t\t<div class=\"elementor-widget-wrap elementor-element-populated\">\n\t\t\t\t\t\t<section class=\"elementor-section elementor-inner-section elementor-element elementor-element-7a1ce41 elementor-section-full_width elementor-section-height-default elementor-section-height-default elementor-invisible\" data-id=\"7a1ce41\" data-element_type=\"section\" data-settings=\"{&quot;animation&quot;:&quot;slideInUp&quot;}\">\n\t\t\t\t\t\t<div class=\"elementor-container elementor-column-gap-default\">\n\t\t\t\t\t<div class=\"elementor-column elementor-col-50 elementor-inner-column elementor-element elementor-element-8c4ba1a animated-slow elementor-invisible\" data-id=\"8c4ba1a\" data-element_type=\"column\" data-settings=\"{&quot;background_background&quot;:&quot;classic&quot;,&quot;animation&quot;:&quot;slideInUp&quot;}\">\n\t\t\t<div class=\"elementor-widget-wrap elementor-element-populated\">\n\t\t\t\t\t\t<div class=\"elementor-element elementor-element-de64800 elementor-widget elementor-widget-spacer\" data-id=\"de64800\" data-element_type=\"widget\" data-widget_type=\"spacer.default\">\n\t\t\t\t<div class=\"elementor-widget-container\">\n\t\t\t\t\t\t\t<div class=\"elementor-spacer\">\n\t\t\t<div class=\"elementor-spacer-inner\"><\/div>\n\t\t<\/div>\n\t\t\t\t\t\t<\/div>\n\t\t\t\t<\/div>\n\t\t\t\t\t<\/div>\n\t\t<\/div>\n\t\t\t\t<div class=\"elementor-column elementor-col-50 elementor-inner-column elementor-element elementor-element-b481619 elementor-invisible\" data-id=\"b481619\" data-element_type=\"column\" data-settings=\"{&quot;background_background&quot;:&quot;classic&quot;,&quot;animation&quot;:&quot;slideInUp&quot;}\">\n\t\t\t<div class=\"elementor-widget-wrap elementor-element-populated\">\n\t\t\t\t\t\t<div class=\"elementor-element elementor-element-f97717a elementor-widget elementor-widget-heading\" data-id=\"f97717a\" data-element_type=\"widget\" data-widget_type=\"heading.default\">\n\t\t\t\t<div class=\"elementor-widget-container\">\n\t\t\t\t\t<h2 class=\"elementor-heading-title elementor-size-default\">VIVRE L'EXP\u00c9RIENCE D'\u00caTRE HUMAIN<br>\nCOMPRENDRE LE FAIT D'\u00caTRE HUMAIN<\/h2>\t\t\t\t<\/div>\n\t\t\t\t<\/div>\n\t\t\t\t<div class=\"elementor-element elementor-element-ceea61c elementor-widget elementor-widget-heading\" data-id=\"ceea61c\" data-element_type=\"widget\" data-widget_type=\"heading.default\">\n\t\t\t\t<div class=\"elementor-widget-container\">\n\t\t\t\t\t<h5 class=\"elementor-heading-title elementor-size-default\">D\u00c9COUVRIR LE TR\u00c9SOR DANS LA BIBLE ...<\/h5>\t\t\t\t<\/div>\n\t\t\t\t<\/div>\n\t\t\t\t<div class=\"elementor-element elementor-element-2184861 elementor-widget elementor-widget-text-editor\" data-id=\"2184861\" data-element_type=\"widget\" data-widget_type=\"text-editor.default\">\n\t\t\t\t<div class=\"elementor-widget-container\">\n\t\t\t\t\t\t\t\t\t<p>&#8230;entrez dans le monde de la Bible, de pr\u00e8s, sur environ 700 m\u00b2 de jeu, d&rsquo;excitation et d&rsquo;aventure pour petits et grands.<\/p>\n<p>&#8230; \u00e0 travers une salle pleine d&rsquo;histoire, \u00e0 travers un parchemin plong\u00e9 dans les temps pass\u00e9s du Proche-Orient ancien, dans lequel la Bible est apparue comme l&rsquo;\u00c9criture sainte du juda\u00efsme et du christianisme.<\/p>\n\t\t\t\t\t\t\t\t<\/div>\n\t\t\t\t<\/div>\n\t\t\t\t<div class=\"elementor-element elementor-element-d50aaa9 elementor-widget elementor-widget-toggle\" data-id=\"d50aaa9\" data-element_type=\"widget\" data-widget_type=\"toggle.default\">\n\t\t\t\t<div class=\"elementor-widget-container\">\n\t\t\t\t\t\t\t<div class=\"elementor-toggle\">\n\t\t\t\t\t\t\t<div class=\"elementor-toggle-item\">\n\t\t\t\t\t<div id=\"elementor-tab-title-2231\" class=\"elementor-tab-title\" data-tab=\"1\" role=\"button\" aria-controls=\"elementor-tab-content-2231\" aria-expanded=\"false\">\n\t\t\t\t\t\t\t\t\t\t\t\t<span class=\"elementor-toggle-icon elementor-toggle-icon-left\" aria-hidden=\"true\">\n\t\t\t\t\t\t\t\t\t\t\t\t\t\t\t<span class=\"elementor-toggle-icon-closed\"><i class=\"fas fa-caret-right\"><\/i><\/span>\n\t\t\t\t\t\t\t\t<span class=\"elementor-toggle-icon-opened\"><i class=\"elementor-toggle-icon-opened fas fa-caret-up\"><\/i><\/span>\n\t\t\t\t\t\t\t\t\t\t\t\t\t<\/span>\n\t\t\t\t\t\t\t\t\t\t\t\t<a class=\"elementor-toggle-title\" tabindex=\"0\">En savoir plus<\/a>\n\t\t\t\t\t<\/div>\n\n\t\t\t\t\t<div id=\"elementor-tab-content-2231\" class=\"elementor-tab-content elementor-clearfix\" data-tab=\"1\" role=\"region\" aria-labelledby=\"elementor-tab-title-2231\"><p>Vous traversez un monde d&rsquo;exp\u00e9riences qui surprend tous vos sens. Vous ferez connaissance avec:<\/p>\n<ul>\n<li>l&rsquo;\u00e9criture h\u00e9bra\u00efque<\/li>\n<li>le monde des proph\u00e8tes et des proph\u00e9tesses<\/li>\n<li>le voyage du proph\u00e8te Jonas dans un navire aventureux sp\u00e9cialement con\u00e7u pour les enfants, le gros poisson et l&rsquo;effrayante \u00ab\u00a0ligne d&rsquo;horizon\u00a0\u00bb de Ninive.<\/li>\n<li>le monde du juda\u00efsme \u00e0 l&rsquo;\u00e9poque de J\u00e9sus et de Paul.<\/li>\n<li>l&rsquo;\u00e9mergence du christianisme dans l&rsquo;Empire romain de l&rsquo;Antiquit\u00e9.<\/li>\n<li>la critique profonde des proph\u00e9tesses et des proph\u00e8tes<\/li>\n<li>l&rsquo;\u00e9tonnante humanit\u00e9 du pr\u00e9dicateur itin\u00e9rant, J\u00e9sus de Nazareth<\/li>\n<li>le travail missionnaire ardu de Paul et d&rsquo;autres disciples de J\u00e9sus<\/li>\n<\/ul>\n<p>Dans une prochaine \u00e9tape d&rsquo;extension, vous apprendrez \u00e9galement ce que la Bible et le Coran ont en commun et ce qui les s\u00e9pare.<\/p>\n<p><span style=\"color: #fece34;\"><strong>Pour tous les \u00e2ges<\/strong><\/span><\/p>\n<p>Pour les enfants \u00e0 partir de 3 ans, les jeunes et les adultes. Pour les personnes int\u00e9ress\u00e9es par la religion, par une culture \u00e9trang\u00e8re ou par l&rsquo;art. Pour les personnes qui souhaitent approfondir leur foi<\/p>\n<p><span style=\"color: #fece34;\"><strong>Nous offrons<\/strong><\/span><\/p>\n<p>Guide audio pour les enfants, les adolescents et les adultes: \u00e9galement en ligne via smartphone \u00e0: <a href=\"https:\/\/direct.hearonymus.com\/guide\/784\">ici<\/a> et <a href=\"https:\/\/direct.hearonymus.com\/guide\/156\">ici<\/a><\/p>\n<p>Visites guid\u00e9es et magasin Bibelwelt<\/p>\n<\/div>\n\t\t\t\t<\/div>\n\t\t\t\t\t\t\t\t<\/div>\n\t\t\t\t\t\t<\/div>\n\t\t\t\t<\/div>\n\t\t\t\t\t<\/div>\n\t\t<\/div>\n\t\t\t\t\t<\/div>\n\t\t<\/section>\n\t\t\t\t\t<\/div>\n\t\t<\/div>\n\t\t\t\t\t<\/div>\n\t\t<\/section>\n\t\t\t\t<section class=\"elementor-section elementor-top-section elementor-element elementor-element-8fab5ba animated-slow elementor-section-boxed elementor-section-height-default elementor-section-height-default elementor-invisible\" data-id=\"8fab5ba\" data-element_type=\"section\" data-settings=\"{&quot;background_background&quot;:&quot;classic&quot;,&quot;animation&quot;:&quot;fadeInUp&quot;,&quot;shape_divider_top&quot;:&quot;book&quot;,&quot;shape_divider_top_negative&quot;:&quot;yes&quot;,&quot;shape_divider_bottom&quot;:&quot;book&quot;}\">\n\t\t\t\t\t<div class=\"elementor-shape elementor-shape-top\" aria-hidden=\"true\" data-negative=\"true\">\n\t\t\t<svg xmlns=\"http:\/\/www.w3.org\/2000\/svg\" viewBox=\"0 0 1000 100\" preserveAspectRatio=\"none\">\n\t<path class=\"elementor-shape-fill\" d=\"M806,94.7C619.5,90,500,20.3,500,1.7c-1,18.6-117.5,88.3-306,93C92,97.2,0,97.9,0,97.9v-0l0,0v2.3h1000v-2.3 C1000,97.7,920.3,97.6,806,94.7z M350,65.1L350,65.1L350,65.1L350,65.1z\"\/>\n<\/svg>\n\t\t<\/div>\n\t\t\t\t<div class=\"elementor-shape elementor-shape-bottom\" aria-hidden=\"true\" data-negative=\"false\">\n\t\t\t<svg xmlns=\"http:\/\/www.w3.org\/2000\/svg\" viewBox=\"0 0 1000 100\" preserveAspectRatio=\"none\">\n\t<path class=\"elementor-shape-fill\" d=\"M194,99c186.7,0.7,305-78.3,306-97.2c1,18.9,119.3,97.9,306,97.2c114.3-0.3,194,0.3,194,0.3s0-91.7,0-100c0,0,0,0,0-0 L0,0v99.3C0,99.3,79.7,98.7,194,99z\"\/>\n<\/svg>\t\t<\/div>\n\t\t\t\t\t<div class=\"elementor-container elementor-column-gap-no\">\n\t\t\t\t\t<div class=\"elementor-column elementor-col-100 elementor-top-column elementor-element elementor-element-fb3327f\" data-id=\"fb3327f\" data-element_type=\"column\">\n\t\t\t<div class=\"elementor-widget-wrap elementor-element-populated\">\n\t\t\t\t\t\t<section class=\"elementor-section elementor-inner-section elementor-element elementor-element-44bf4c3 elementor-section-full_width elementor-section-height-default elementor-section-height-default\" data-id=\"44bf4c3\" data-element_type=\"section\">\n\t\t\t\t\t\t<div class=\"elementor-container elementor-column-gap-default\">\n\t\t\t\t\t<div class=\"elementor-column elementor-col-33 elementor-inner-column elementor-element elementor-element-c377b67 elementor-invisible\" data-id=\"c377b67\" data-element_type=\"column\" data-settings=\"{&quot;background_background&quot;:&quot;classic&quot;,&quot;animation&quot;:&quot;fadeInUp&quot;}\">\n\t\t\t<div class=\"elementor-widget-wrap elementor-element-populated\">\n\t\t\t\t\t\t<div class=\"elementor-element elementor-element-bc471b0 elementor-widget elementor-widget-heading\" data-id=\"bc471b0\" data-element_type=\"widget\" data-widget_type=\"heading.default\">\n\t\t\t\t<div class=\"elementor-widget-container\">\n\t\t\t\t\t<h3 class=\"elementor-heading-title elementor-size-default\">Le monde de la Bible<\/h3>\t\t\t\t<\/div>\n\t\t\t\t<\/div>\n\t\t\t\t<div class=\"elementor-element elementor-element-14d69e6 elementor-widget elementor-widget-tp-button\" data-id=\"14d69e6\" data-element_type=\"widget\" data-widget_type=\"tp-button.default\">\n\t\t\t\t<div class=\"elementor-widget-container\">\n\t\t\t\t\t<div class=\"pt-plus-button-wrapper   text-center   \"><div class=\"button_parallax   \" ><div id=\"button69dc723fc50e4\"  class=\" text-center ts-button content_hover_effect   \" ><div class=\"pt_plus_button btn69dc723fc508d button-style-8   \"  ><div class=\"animted-content-inner \"><a href=\"https:\/\/bibelwelt.at\/die-bibelwelt-in-salzburg\/\" class=\"button-link-wrap \" role=\"button\" data-hover=\"En savoir plus\"  >En savoir plus<\/a><\/div><\/div><\/div><\/div><\/div>\t\t\t\t<\/div>\n\t\t\t\t<\/div>\n\t\t\t\t\t<\/div>\n\t\t<\/div>\n\t\t\t\t<div class=\"elementor-column elementor-col-33 elementor-inner-column elementor-element elementor-element-a044d0c elementor-invisible\" data-id=\"a044d0c\" data-element_type=\"column\" data-settings=\"{&quot;animation&quot;:&quot;fadeInUp&quot;,&quot;animation_delay&quot;:400}\">\n\t\t\t<div class=\"elementor-widget-wrap elementor-element-populated\">\n\t\t\t\t\t\t<div class=\"elementor-element elementor-element-959c50d elementor-widget elementor-widget-heading\" data-id=\"959c50d\" data-element_type=\"widget\" data-widget_type=\"heading.default\">\n\t\t\t\t<div class=\"elementor-widget-container\">\n\t\t\t\t\t<h3 class=\"elementor-heading-title elementor-size-default\">Visite virtuelle<\/h3>\t\t\t\t<\/div>\n\t\t\t\t<\/div>\n\t\t\t\t<div class=\"elementor-element elementor-element-0c53dba elementor-widget elementor-widget-tp-button\" data-id=\"0c53dba\" data-element_type=\"widget\" data-widget_type=\"tp-button.default\">\n\t\t\t\t<div class=\"elementor-widget-container\">\n\t\t\t\t\t<div class=\"pt-plus-button-wrapper   text-center   \"><div class=\"button_parallax   \" ><div id=\"button69dc723fc5520\"  class=\" text-center ts-button content_hover_effect   \" ><div class=\"pt_plus_button btn69dc723fc550c button-style-8   \"  ><div class=\"animted-content-inner \"><a href=\"https:\/\/bibelwelt.at\/shop\/virtuelle-tour\/\" class=\"button-link-wrap \" role=\"button\" data-hover=\"Immersion\"  >Immersion<\/a><\/div><\/div><\/div><\/div><\/div>\t\t\t\t<\/div>\n\t\t\t\t<\/div>\n\t\t\t\t\t<\/div>\n\t\t<\/div>\n\t\t\t\t<div class=\"elementor-column elementor-col-33 elementor-inner-column elementor-element elementor-element-bff86b4 elementor-invisible\" data-id=\"bff86b4\" data-element_type=\"column\" data-settings=\"{&quot;animation&quot;:&quot;fadeInUp&quot;,&quot;animation_delay&quot;:800}\">\n\t\t\t<div class=\"elementor-widget-wrap elementor-element-populated\">\n\t\t\t\t\t\t<div class=\"elementor-element elementor-element-1f72941 elementor-widget elementor-widget-heading\" data-id=\"1f72941\" data-element_type=\"widget\" data-widget_type=\"heading.default\">\n\t\t\t\t<div class=\"elementor-widget-container\">\n\t\t\t\t\t<h3 class=\"elementor-heading-title elementor-size-default\">Billets<\/h3>\t\t\t\t<\/div>\n\t\t\t\t<\/div>\n\t\t\t\t<div class=\"elementor-element elementor-element-0c2de6d elementor-widget elementor-widget-tp-button\" data-id=\"0c2de6d\" data-element_type=\"widget\" data-widget_type=\"tp-button.default\">\n\t\t\t\t<div class=\"elementor-widget-container\">\n\t\t\t\t\t<div class=\"pt-plus-button-wrapper   text-center   \"><div class=\"button_parallax   \" ><div id=\"button69dc723fc5872\"  class=\" text-center ts-button content_hover_effect   \" ><div class=\"pt_plus_button btn69dc723fc5860 button-style-8   \"  ><div class=\"animted-content-inner \"><a href=\"https:\/\/bibelwelt.at\/shop\/eintrittskarten\/\" class=\"button-link-wrap \" role=\"button\" data-hover=\"Acheter en ligne\"  >Acheter en ligne<\/a><\/div><\/div><\/div><\/div><\/div>\t\t\t\t<\/div>\n\t\t\t\t<\/div>\n\t\t\t\t\t<\/div>\n\t\t<\/div>\n\t\t\t\t\t<\/div>\n\t\t<\/section>\n\t\t\t\t\t<\/div>\n\t\t<\/div>\n\t\t\t\t\t<\/div>\n\t\t<\/section>\n\t\t\t\t<section class=\"elementor-section elementor-top-section elementor-element elementor-element-369f3ae elementor-section-boxed elementor-section-height-default elementor-section-height-default\" data-id=\"369f3ae\" data-element_type=\"section\">\n\t\t\t\t\t\t<div class=\"elementor-container elementor-column-gap-no\">\n\t\t\t\t\t<div class=\"elementor-column elementor-col-100 elementor-top-column elementor-element elementor-element-a80bf32\" data-id=\"a80bf32\" data-element_type=\"column\">\n\t\t\t<div class=\"elementor-widget-wrap elementor-element-populated\">\n\t\t\t\t\t\t<div class=\"elementor-element elementor-element-c7d8e76 elementor-invisible elementor-widget elementor-widget-google_maps\" data-id=\"c7d8e76\" data-element_type=\"widget\" data-settings=\"{&quot;_animation&quot;:&quot;fadeInUp&quot;}\" data-widget_type=\"google_maps.default\">\n\t\t\t\t<div class=\"elementor-widget-container\">\n\t\t\t\t\t\t\t<div class=\"elementor-custom-embed\">\n\t\t\t<iframe loading=\"lazy\"\n\t\t\t\t\tsrc=\"https:\/\/maps.google.com\/maps?q=Bibelwelt&#038;t=m&#038;z=13&#038;output=embed&#038;iwloc=near\"\n\t\t\t\t\ttitle=\"Bibelwelt\"\n\t\t\t\t\taria-label=\"Bibelwelt\"\n\t\t\t><\/iframe>\n\t\t<\/div>\n\t\t\t\t\t\t<\/div>\n\t\t\t\t<\/div>\n\t\t\t\t<div class=\"elementor-element elementor-element-1298182 elementor-widget elementor-widget-spacer\" data-id=\"1298182\" data-element_type=\"widget\" data-widget_type=\"spacer.default\">\n\t\t\t\t<div class=\"elementor-widget-container\">\n\t\t\t\t\t\t\t<div class=\"elementor-spacer\">\n\t\t\t<div class=\"elementor-spacer-inner\"><\/div>\n\t\t<\/div>\n\t\t\t\t\t\t<\/div>\n\t\t\t\t<\/div>\n\t\t\t\t\t<\/div>\n\t\t<\/div>\n\t\t\t\t\t<\/div>\n\t\t<\/section>\n\t\t\t\t<section class=\"elementor-section elementor-top-section elementor-element elementor-element-5a647c3 animated-slow elementor-section-boxed elementor-section-height-default elementor-section-height-default elementor-invisible\" data-id=\"5a647c3\" data-element_type=\"section\" data-settings=\"{&quot;animation&quot;:&quot;fadeInUp&quot;}\">\n\t\t\t\t\t\t<div class=\"elementor-container elementor-column-gap-wide\">\n\t\t\t\t\t<div class=\"elementor-column elementor-col-33 elementor-top-column elementor-element elementor-element-791be90 animated-slow elementor-invisible\" data-id=\"791be90\" data-element_type=\"column\" data-settings=\"{&quot;background_background&quot;:&quot;classic&quot;,&quot;animation&quot;:&quot;slideInUp&quot;}\">\n\t\t\t<div class=\"elementor-widget-wrap elementor-element-populated\">\n\t\t\t\t\t\t<div class=\"elementor-element elementor-element-3bbbcb2 elementor-widget elementor-widget-tp-info-box\" data-id=\"3bbbcb2\" data-element_type=\"widget\" data-widget_type=\"tp-info-box.default\">\n\t\t\t\t<div class=\"elementor-widget-container\">\n\t\t\t\t\t<div id=\"info_box69dc5c0c6088f\" class=\"pt_plus_info_box hover_normal    info_box69dc5c0c6088f info-box-style_3      \"  data-id=\"info_box69dc5c0c6088f\"    dir= data-connection=\"\" data-eventtype=\"\" ><div class=\"post-inner-loop \"><div class=\"info-box-inner content_hover_effect  tp-info-nc\"   ><div class=\"info-box-bg-box     \" ><div class=\"info-box-content\"><div class=\"service-center  \"><div class=\"info-icon-content\"><div class=\"service-icon-wrap\"><span class=\" service-icon  icon-squre\"><i aria-hidden=\"true\" class=\"far fa-envelope\"><\/i><\/span><\/div><\/div><div class=\"service-border\"> <\/div><div class=\"service-desc\"> <p>+43 (0)676-8746 7080<\/p><p><a href=\"mailto:bibelwelt.at@gmail.com\">bibelwelt.at@gmail.com<\/a><\/p><p><a href=\"https:\/\/bibelwelt.at\/\">www.bibelwelt.at<\/a><\/p> <\/div><\/div><\/div><div class=\"infobox-overlay-color \"><\/div><\/div><\/div><\/div><\/div>\t\t\t\t<\/div>\n\t\t\t\t<\/div>\n\t\t\t\t\t<\/div>\n\t\t<\/div>\n\t\t\t\t<div class=\"elementor-column elementor-col-33 elementor-top-column elementor-element elementor-element-6047cd1 animated-slow elementor-invisible\" data-id=\"6047cd1\" data-element_type=\"column\" data-settings=\"{&quot;background_background&quot;:&quot;classic&quot;,&quot;animation&quot;:&quot;slideInUp&quot;,&quot;animation_delay&quot;:400}\">\n\t\t\t<div class=\"elementor-widget-wrap elementor-element-populated\">\n\t\t\t\t\t\t<div class=\"elementor-element elementor-element-3cd112a elementor-widget elementor-widget-tp-info-box\" data-id=\"3cd112a\" data-element_type=\"widget\" data-widget_type=\"tp-info-box.default\">\n\t\t\t\t<div class=\"elementor-widget-container\">\n\t\t\t\t\t<div id=\"info_box69dc5c0c61416\" class=\"pt_plus_info_box hover_normal    info_box69dc5c0c61416 info-box-style_3      \"  data-id=\"info_box69dc5c0c61416\"    dir= data-connection=\"\" data-eventtype=\"\" ><div class=\"post-inner-loop \"><div class=\"info-box-inner content_hover_effect  tp-info-nc\"   ><div class=\"info-box-bg-box     \" ><div class=\"info-box-content\"><div class=\"service-center  \"><div class=\"info-icon-content\"><div class=\"service-icon-wrap\"><span class=\" service-icon  icon-squre\"><i aria-hidden=\"true\" class=\"fas fa-bus\"><\/i><\/span><\/div><\/div><div class=\"service-border\"> <\/div><div class=\"service-desc\"> <p>5 minutes \u00e0 pied de la gare centrale de Salzbourg (les voyageurs du Westbahn et du BRB b\u00e9n\u00e9ficient d'une r\u00e9duction sur le prix d'entr\u00e9e). Ligne de trolleybus n\u00b0 6 \/ arr\u00eat \"Plainschule\".<\/p>\n <\/div><\/div><\/div><div class=\"infobox-overlay-color \"><\/div><\/div><\/div><\/div><\/div>\t\t\t\t<\/div>\n\t\t\t\t<\/div>\n\t\t\t\t\t<\/div>\n\t\t<\/div>\n\t\t\t\t<div class=\"elementor-column elementor-col-33 elementor-top-column elementor-element elementor-element-51b038a animated-slow elementor-invisible\" data-id=\"51b038a\" data-element_type=\"column\" data-settings=\"{&quot;background_background&quot;:&quot;classic&quot;,&quot;animation&quot;:&quot;slideInUp&quot;,&quot;animation_delay&quot;:800}\">\n\t\t\t<div class=\"elementor-widget-wrap elementor-element-populated\">\n\t\t\t\t\t\t<div class=\"elementor-element elementor-element-99f73f0 elementor-widget elementor-widget-tp-info-box\" data-id=\"99f73f0\" data-element_type=\"widget\" data-widget_type=\"tp-info-box.default\">\n\t\t\t\t<div class=\"elementor-widget-container\">\n\t\t\t\t\t<div id=\"info_box69dc5c0c61fb4\" class=\"pt_plus_info_box hover_normal    info_box69dc5c0c61fb4 info-box-style_3      \"  data-id=\"info_box69dc5c0c61fb4\"    dir= data-connection=\"\" data-eventtype=\"\" ><div class=\"post-inner-loop \"><div class=\"info-box-inner content_hover_effect  tp-info-nc\"   ><div class=\"info-box-bg-box     \" ><div class=\"info-box-content\"><div class=\"service-center  \"><div class=\"info-icon-content\"><div class=\"service-icon-wrap\"><span class=\" service-icon  icon-squre\"><i aria-hidden=\"true\" class=\"fas fa-car\"><\/i><\/span><\/div><\/div><div class=\"service-border\"> <\/div><div class=\"service-desc\"> <p>2 minutes \u00e0 pied de la Fanny-von-Lehnert Stra\u00dfe 7, 5020 Salzburg (r\u00e9duction de parking disponible au moyen d'une carte \u00e0 \u00e9changer dans le Bibelwelt) Les bus utilisent le parking pour bus de la sortie nord de l'autoroute (4 minutes de trajet).<\/p>\n <\/div><\/div><\/div><div class=\"infobox-overlay-color \"><\/div><\/div><\/div><\/div><\/div>\t\t\t\t<\/div>\n\t\t\t\t<\/div>\n\t\t\t\t\t<\/div>\n\t\t<\/div>\n\t\t\t\t\t<\/div>\n\t\t<\/section>\n\t\t\t\t<\/div>\n\t\t","protected":false},"excerpt":{"rendered":"<p>UNMONDENOUVEAUD&rsquo;EXP\u00c9RIENCES VIVRE L&rsquo;EXP\u00c9RIENCE D&rsquo;\u00caTRE HUMAIN COMPRENDRE LE FAIT D&rsquo;\u00caTRE HUMAIN D\u00c9COUVRIR LE TR\u00c9SOR DANS LA BIBLE &#8230; &#8230;entrez dans le monde de la Bible, de pr\u00e8s, sur environ 700 m\u00b2 de jeu, d&rsquo;excitation et d&rsquo;aventure pour petits et grands. &#8230; \u00e0 travers une salle pleine d&rsquo;histoire, \u00e0 travers un parchemin plong\u00e9 dans les temps pass\u00e9s [&hellip;]<\/p>\n","protected":false},"author":3,"featured_media":0,"parent":0,"menu_order":0,"comment_status":"closed","ping_status":"closed","template":"","meta":{"footnotes":""},"class_list":["post-8641","page","type-page","status-publish","hentry"],"_links":{"self":[{"href":"https:\/\/bibelwelt.at\/fr\/wp-json\/wp\/v2\/pages\/8641","targetHints":{"allow":["GET"]}}],"collection":[{"href":"https:\/\/bibelwelt.at\/fr\/wp-json\/wp\/v2\/pages"}],"about":[{"href":"https:\/\/bibelwelt.at\/fr\/wp-json\/wp\/v2\/types\/page"}],"author":[{"embeddable":true,"href":"https:\/\/bibelwelt.at\/fr\/wp-json\/wp\/v2\/users\/3"}],"replies":[{"embeddable":true,"href":"https:\/\/bibelwelt.at\/fr\/wp-json\/wp\/v2\/comments?post=8641"}],"version-history":[{"count":0,"href":"https:\/\/bibelwelt.at\/fr\/wp-json\/wp\/v2\/pages\/8641\/revisions"}],"wp:attachment":[{"href":"https:\/\/bibelwelt.at\/fr\/wp-json\/wp\/v2\/media?parent=8641"}],"curies":[{"name":"wp","href":"https:\/\/api.w.org\/{rel}","templated":true}]}}