{"id":5042,"date":"2022-06-24T15:39:29","date_gmt":"2022-06-24T13:39:29","guid":{"rendered":"https:\/\/bibelwelt.byauroara.com\/?post_type=product&#038;p=5042"},"modified":"2023-09-11T10:32:04","modified_gmt":"2023-09-11T08:32:04","slug":"tiefdruck-arche-noah","status":"publish","type":"product","link":"https:\/\/bibelwelt.at\/es\/produkt\/tiefdruck-arche-noah\/","title":{"rendered":"Tiefdruck Arche Noah"},"content":{"rendered":"<div><span lang=\"DE\">Tiefdruck \u201eArche Noah\u201c des Salzburger K\u00fcnstlers Martin Gredler<\/span><\/div>\n<div><span lang=\"DE\"> (Strich\u00e4tzung, Kaltnadel und Aquatinta, gedruckt auf Incisioni B\u00fctten, 360 gr\/qm, in der grafischen Werkstatt im Traklhaus in Salzburg, 19,5 x 29,5 cm). Die Edition \u201eArche\u201c erschien im November 2007 als exklusive Auflage f\u00fcr die Bibelwelt Salzburg<\/span><\/div>\n<div><\/div>\n<div><\/div>\n<div><\/div>\n","protected":false},"excerpt":{"rendered":"<p>Tiefdruck \u201eArche Noah\u201c des Salzburger K\u00fcnstlers Martin Gredler (Strich\u00e4tzung, Kaltnadel und Aquatinta, gedruckt auf Incisioni B\u00fctten, 360 gr\/qm, in der grafischen Werkstatt im Traklhaus in Salzburg, 19,5 x 29,5 cm). Die Edition \u201eArche\u201c erschien im November 2007 als exklusive Auflage f\u00fcr die Bibelwelt Salzburg<\/p>\n","protected":false},"featured_media":7526,"template":"","meta":[],"product_brand":[],"product_cat":[46],"product_tag":[],"class_list":{"0":"post-5042","1":"product","2":"type-product","3":"status-publish","4":"has-post-thumbnail","6":"product_cat-poster-und-karten","8":"first","9":"instock","10":"shipping-taxable","11":"purchasable","12":"product-type-simple"},"_links":{"self":[{"href":"https:\/\/bibelwelt.at\/es\/wp-json\/wp\/v2\/product\/5042","targetHints":{"allow":["GET"]}}],"collection":[{"href":"https:\/\/bibelwelt.at\/es\/wp-json\/wp\/v2\/product"}],"about":[{"href":"https:\/\/bibelwelt.at\/es\/wp-json\/wp\/v2\/types\/product"}],"wp:featuredmedia":[{"embeddable":true,"href":"https:\/\/bibelwelt.at\/es\/wp-json\/wp\/v2\/media\/7526"}],"wp:attachment":[{"href":"https:\/\/bibelwelt.at\/es\/wp-json\/wp\/v2\/media?parent=5042"}],"wp:term":[{"taxonomy":"product_brand","embeddable":true,"href":"https:\/\/bibelwelt.at\/es\/wp-json\/wp\/v2\/product_brand?post=5042"},{"taxonomy":"product_cat","embeddable":true,"href":"https:\/\/bibelwelt.at\/es\/wp-json\/wp\/v2\/product_cat?post=5042"},{"taxonomy":"product_tag","embeddable":true,"href":"https:\/\/bibelwelt.at\/es\/wp-json\/wp\/v2\/product_tag?post=5042"}],"curies":[{"name":"wp","href":"https:\/\/api.w.org\/{rel}","templated":true}]}}