{"id":4317,"date":"2022-05-19T09:17:55","date_gmt":"2022-05-19T09:17:55","guid":{"rendered":"https:\/\/bibelwelt.byauroara.com\/?post_type=product&#038;p=4317"},"modified":"2022-11-07T14:25:20","modified_gmt":"2022-11-07T14:25:20","slug":"nachbildungen-biblischer-muenzen","status":"publish","type":"product","link":"https:\/\/bibelwelt.at\/es\/produkt\/nachbildungen-biblischer-muenzen\/","title":{"rendered":"Nachbildung einer r\u00f6mischen M\u00fcnze"},"content":{"rendered":"<p>Die Nachbildung einer r\u00f6mischen M\u00fcnze<\/p>\n<p>&nbsp;<\/p>\n","protected":false},"excerpt":{"rendered":"<p>Die Nachbildung einer r\u00f6mischen M\u00fcnze &nbsp;<\/p>\n","protected":false},"featured_media":9607,"template":"","meta":[],"product_brand":[],"product_cat":[47],"product_tag":[],"class_list":{"0":"post-4317","1":"product","2":"type-product","3":"status-publish","4":"has-post-thumbnail","6":"product_cat-geschenke","7":"product_shipping_class-click-collect","9":"first","10":"instock","11":"shipping-taxable","12":"purchasable","13":"product-type-simple"},"_links":{"self":[{"href":"https:\/\/bibelwelt.at\/es\/wp-json\/wp\/v2\/product\/4317","targetHints":{"allow":["GET"]}}],"collection":[{"href":"https:\/\/bibelwelt.at\/es\/wp-json\/wp\/v2\/product"}],"about":[{"href":"https:\/\/bibelwelt.at\/es\/wp-json\/wp\/v2\/types\/product"}],"wp:featuredmedia":[{"embeddable":true,"href":"https:\/\/bibelwelt.at\/es\/wp-json\/wp\/v2\/media\/9607"}],"wp:attachment":[{"href":"https:\/\/bibelwelt.at\/es\/wp-json\/wp\/v2\/media?parent=4317"}],"wp:term":[{"taxonomy":"product_brand","embeddable":true,"href":"https:\/\/bibelwelt.at\/es\/wp-json\/wp\/v2\/product_brand?post=4317"},{"taxonomy":"product_cat","embeddable":true,"href":"https:\/\/bibelwelt.at\/es\/wp-json\/wp\/v2\/product_cat?post=4317"},{"taxonomy":"product_tag","embeddable":true,"href":"https:\/\/bibelwelt.at\/es\/wp-json\/wp\/v2\/product_tag?post=4317"}],"curies":[{"name":"wp","href":"https:\/\/api.w.org\/{rel}","templated":true}]}}